{"id":5,"date":"2015-03-25T13:39:11","date_gmt":"2015-03-25T13:39:11","guid":{"rendered":"http:\/\/demo.mikado-themes.com\/onyx10\/?page_id=5"},"modified":"2022-09-25T09:56:20","modified_gmt":"2022-09-25T09:56:20","slug":"https-rosfm-ch","status":"publish","type":"page","link":"https:\/\/rosfm.ch\/en\/","title":{"rendered":"Home"},"content":{"rendered":"<div class=\"wpb-content-wrapper\"><div      class=\"vc_row wpb_row section  grid_section\" style=' padding-top:20px; padding-bottom:20px; text-align:left;'><div class=\"section_inner clearfix\"><div class='section_inner_margin clearfix'><div class=\"wpb_column vc_column_container vc_col-sm-6\"><div class=\"vc_column-inner\"><div class=\"wpb_wrapper\"><div class=\"vc_text_separator wpb_content_element full  center\"><div class=\"separator_wrapper\" style=\"margin-bottom:15px\"><div class=\"mkd_line_before\"  style=\"border-style:solid;\"><\/div><div class=\"separator_content\" style=\"color:#1e73be\"><span>Facility services<\/span><\/div><div class=\"mkd_line_after\"  style=\"border-style:solid;\"><\/div><\/div><\/div>\n\n\t<div class=\"wpb_text_column wpb_content_element\">\n\t\t<div class=\"wpb_wrapper\">\n\t\t\t<h4>What makes the company so unique? rosfm sets new standards in facility management and services. The need for facility management and its services has increased significantly in the industrial sector, in administrative buildings, offices or living spaces and requires a great deal of specialist knowledge - rosfm works with the latest trends. So that the customer can concentrate on his core task, rosfm ensures that the secondary and support processes run smoothly in the background. Based on tight structures and as a process-oriented organization, we use our know-how very efficiently. We analyze and optimize the technical, infrastructural and commercial processes relating to the planning and use of buildings and operating facilities. With services in operational maintenance and strategic plant management, a holistic and trouble-free operation is ensured.<\/h4>\n\n\t\t<\/div> \n\t<\/div> <\/div><\/div><\/div><div data-vc-parallax=\"1.5\" class=\"wpb_column vc_column_container vc_col-sm-6 vc_col-has-fill vc_general vc_parallax vc_parallax-content-moving\"><div class=\"vc_column-inner\"><div class=\"wpb_wrapper\"><div class=\"vc-hoverbox-wrapper  vc-hoverbox-shape--rounded vc-hoverbox-align--center vc-hoverbox-direction--default vc-hoverbox-width--100\"  ontouchstart=\"\">\n  <div class=\"vc-hoverbox\">\n    <div class=\"vc-hoverbox-inner\">\n      <div class=\"vc-hoverbox-block vc-hoverbox-front\" style=\"background-image: url(https:\/\/rosfm.ch\/wp-content\/uploads\/2015\/04\/services-2-image-2.jpg);\">\n        <div class=\"vc-hoverbox-block-inner vc-hoverbox-front-inner\">\n            \n        <\/div>\n      <\/div>\n      <div class=\"vc-hoverbox-block vc-hoverbox-back\" style=\"background-color: ;\">\n        <div class=\"vc-hoverbox-block-inner vc-hoverbox-back-inner\">\n            \n            <p><img loading=\"lazy\" decoding=\"async\" class=\"alignnone wp-image-6749 size-full\" src=\"https:\/\/rosfm.ch\/wp-content\/uploads\/2021\/03\/Frontpage_Summery-1-scaled.jpg\" alt=\"\" width=\"2560\" height=\"1706\" srcset=\"https:\/\/rosfm.ch\/wp-content\/uploads\/2021\/03\/Frontpage_Summery-1-scaled.jpg 2560w, https:\/\/rosfm.ch\/wp-content\/uploads\/2021\/03\/Frontpage_Summery-1-300x200.jpg 300w, https:\/\/rosfm.ch\/wp-content\/uploads\/2021\/03\/Frontpage_Summery-1-1024x683.jpg 1024w, https:\/\/rosfm.ch\/wp-content\/uploads\/2021\/03\/Frontpage_Summery-1-768x512.jpg 768w, https:\/\/rosfm.ch\/wp-content\/uploads\/2021\/03\/Frontpage_Summery-1-1536x1024.jpg 1536w, https:\/\/rosfm.ch\/wp-content\/uploads\/2021\/03\/Frontpage_Summery-1-2048x1365.jpg 2048w, https:\/\/rosfm.ch\/wp-content\/uploads\/2021\/03\/Frontpage_Summery-1-16x12.jpg 16w, https:\/\/rosfm.ch\/wp-content\/uploads\/2021\/03\/Frontpage_Summery-1-700x467.jpg 700w, https:\/\/rosfm.ch\/wp-content\/uploads\/2021\/03\/Frontpage_Summery-1-600x400.jpg 600w\" sizes=\"auto, (max-width: 2560px) 100vw, 2560px\" \/><\/p>\n\n            \n        <\/div>\n      <\/div>\n    <\/div>\n  <\/div>\n<\/div>    <div class=\"vc_empty_space\"  style=\"height: 15px\" ><span class=\"vc_empty_space_inner\"><div class=\"empty_space_image\"\n                 ><\/div>\n<\/span><\/div>\n\n    <div class=\"vc_empty_space\"  style=\"height: 15px\" ><span class=\"vc_empty_space_inner\"><div class=\"empty_space_image\"\n                 ><\/div>\n<\/span><\/div>\n\n\n\t<div class=\"wpb_text_column wpb_content_element\">\n\t\t<div class=\"wpb_wrapper\">\n\t\t\t<h4>Taking social, health, ecological and economic principles into account, we act on the front lines every day - sustainable and diverse.<\/h4>\n<div id=\"gtx-trans\" style=\"position: absolute; left: 175px; top: 91.2656px;\">\n<div class=\"gtx-trans-icon\"><\/div>\n<\/div>\n\n\t\t<\/div> \n\t<\/div> <\/div><\/div><\/div><\/div><\/div><\/div><div      class=\"vc_row wpb_row section\" style=' text-align:left;'><div class=\"full_section_inner clearfix\"><div class=\"wpb_column vc_column_container vc_col-sm-12\"><div class=\"vc_column-inner\"><div class=\"wpb_wrapper\"><div class=\"separator  normal\" style=\"margin-top:30px;margin-bottom:0px\"><\/div>\n<\/div><\/div><\/div><\/div><\/div><div      class=\"vc_row wpb_row section  grid_section\" style='background-color:#efefef; text-align:left;'><div class=\"section_inner clearfix\"><div class='section_inner_margin clearfix'><div class=\"wpb_column vc_column_container vc_col-sm-12\"><div class=\"vc_column-inner\"><div class=\"wpb_wrapper\"><div class=\"vc_tta-container vc_tta-o-non-responsive\" data-vc-action=\"collapse\" data-vc-tta-autoplay=\"{&quot;delay&quot;:5000}\"><div class=\"vc_general vc_tta vc_tta-tabs vc_tta-o-shape-group vc_tta-has-pagination vc_tta-o-no-fill vc_tta-tabs-position-top  vc_tta-pageable\"><div class=\"vc_tta-panels-container\"><ul class=\"vc_general vc_pagination vc_pagination-style-outline vc_pagination-shape-round vc_pagination-color-blue\"><li class=\"vc_pagination-item vc_active\" data-vc-tab><a href=\"#1613489994705-2bbb2d9c-4631\" class=\"vc_pagination-trigger\" data-vc-tabs data-vc-container=\".vc_tta\"><\/a><\/li><li class=\"vc_pagination-item\" data-vc-tab><a href=\"#1613489994782-c36bc6f4-e2f8\" class=\"vc_pagination-trigger\" data-vc-tabs data-vc-container=\".vc_tta\"><\/a><\/li><li class=\"vc_pagination-item\" data-vc-tab><a href=\"#1613491150182-f27bd05c-4f32\" class=\"vc_pagination-trigger\" data-vc-tabs data-vc-container=\".vc_tta\"><\/a><\/li><\/ul><div class=\"vc_tta-panels\"><div  class=\"vc_tta-panel vc_active\" id=\"1613489994705-2bbb2d9c-4631\" data-vc-content=\".vc_tta-panel-body\"><div class=\"vc_tta-panel-body\">\n\t\t\t<span class=\"vc_tta-panel-title\">\n\t\t\t\t<a  data-vc-container=\".vc_tta-container\" data-vc-accordion=\"\" data-vc-target=\"#1613489994705-2bbb2d9c-4631\"><\/a>\n\t\t\t<\/span>\n\t\t<div class=\"vc_text_separator wpb_content_element full  left\"><div class=\"separator_wrapper\" style=\"margin-bottom:15px\"><div class=\"separator_content box\" style=\"border-style: solid\"><span>cleaning<\/span><\/div><div class=\"mkd_line_after\"  style=\"border-style:solid;\"><\/div><\/div><\/div>\n<div      class=\"vc_row wpb_row section vc_inner\" style=' text-align:left;'><div class=\"full_section_inner clearfix\"><div class=\"wpb_column vc_column_container vc_col-sm-6\"><div class=\"vc_column-inner\"><div class=\"wpb_wrapper\">\n\t<div class=\"wpb_single_image wpb_content_element vc_align_left\">\n\t\t<div class=\"wpb_wrapper\">\n\t\t\t\n\t\t\t<a href=\"https:\/\/rosfm.ch\/reinigung\/\" target=\"_self\"><div class=\"vc_single_image-wrapper vc_box_rounded  vc_box_border_grey\"><img loading=\"lazy\" decoding=\"async\" width=\"1024\" height=\"539\" src=\"https:\/\/rosfm.ch\/wp-content\/uploads\/2021\/03\/reinigung_service-1024x539.png\" class=\"vc_single_image-img attachment-large\" alt=\"\" title=\"cleaning_service\" srcset=\"https:\/\/rosfm.ch\/wp-content\/uploads\/2021\/03\/reinigung_service-1024x539.png 1024w, https:\/\/rosfm.ch\/wp-content\/uploads\/2021\/03\/reinigung_service-300x158.png 300w, https:\/\/rosfm.ch\/wp-content\/uploads\/2021\/03\/reinigung_service-768x404.png 768w, https:\/\/rosfm.ch\/wp-content\/uploads\/2021\/03\/reinigung_service-16x8.png 16w, https:\/\/rosfm.ch\/wp-content\/uploads\/2021\/03\/reinigung_service-700x368.png 700w, https:\/\/rosfm.ch\/wp-content\/uploads\/2021\/03\/reinigung_service-600x316.png 600w, https:\/\/rosfm.ch\/wp-content\/uploads\/2021\/03\/reinigung_service.png 1220w\" sizes=\"auto, (max-width: 1024px) 100vw, 1024px\" \/><\/div><\/a>\n\t\t<\/div>\n\t<\/div>\n<\/div><\/div><\/div><div class=\"wpb_column vc_column_container vc_col-sm-6\"><div class=\"vc_column-inner\"><div class=\"wpb_wrapper\">\n\t<div class=\"wpb_text_column wpb_content_element\">\n\t\t<div class=\"wpb_wrapper\">\n\t\t\t<blockquote>\n<h4>They all demand: cleanliness in and around real estate. Cleanliness is not an immutable condition, but needs to be maintained and restored. A demanding job!<\/h4>\n<\/blockquote>\n\n\t\t<\/div> \n\t<\/div> <\/div><\/div><\/div><\/div><\/div><\/div><\/div><div  class=\"vc_tta-panel\" id=\"1613489994782-c36bc6f4-e2f8\" data-vc-content=\".vc_tta-panel-body\"><div class=\"vc_tta-panel-body\">\n\t\t\t<span class=\"vc_tta-panel-title\">\n\t\t\t\t<a  data-vc-container=\".vc_tta-container\" data-vc-accordion=\"\" data-vc-target=\"#1613489994782-c36bc6f4-e2f8\"><\/a>\n\t\t\t<\/span>\n\t\t<div class=\"vc_text_separator wpb_content_element full  left\"><div class=\"separator_wrapper\" style=\"margin-bottom:15px\"><div class=\"separator_content box\" style=\"color:#1e73be;border-style: solid\"><span>House maintenance<\/span><\/div><div class=\"mkd_line_after\"  style=\"border-style:solid;\"><\/div><\/div><\/div>\n<div      class=\"vc_row wpb_row section vc_inner\" style=' text-align:left;'><div class=\"full_section_inner clearfix\"><div class=\"wpb_column vc_column_container vc_col-sm-6\"><div class=\"vc_column-inner\"><div class=\"wpb_wrapper\">\n\t<div class=\"wpb_single_image wpb_content_element vc_align_left\">\n\t\t<div class=\"wpb_wrapper\">\n\t\t\t\n\t\t\t<a href=\"https:\/\/rosfm.ch\/hauswartung\/\" target=\"_self\"><div class=\"vc_single_image-wrapper vc_box_rounded  vc_box_border_grey\"><img loading=\"lazy\" decoding=\"async\" width=\"1020\" height=\"642\" src=\"https:\/\/rosfm.ch\/wp-content\/uploads\/2021\/03\/hauswartung_service.png\" class=\"vc_single_image-img attachment-large\" alt=\"\" title=\"house maintenance_service\" srcset=\"https:\/\/rosfm.ch\/wp-content\/uploads\/2021\/03\/hauswartung_service.png 1020w, https:\/\/rosfm.ch\/wp-content\/uploads\/2021\/03\/hauswartung_service-300x189.png 300w, https:\/\/rosfm.ch\/wp-content\/uploads\/2021\/03\/hauswartung_service-768x483.png 768w, https:\/\/rosfm.ch\/wp-content\/uploads\/2021\/03\/hauswartung_service-16x10.png 16w, https:\/\/rosfm.ch\/wp-content\/uploads\/2021\/03\/hauswartung_service-700x441.png 700w, https:\/\/rosfm.ch\/wp-content\/uploads\/2021\/03\/hauswartung_service-600x378.png 600w\" sizes=\"auto, (max-width: 1020px) 100vw, 1020px\" \/><\/div><\/a>\n\t\t<\/div>\n\t<\/div>\n<\/div><\/div><\/div><div class=\"wpb_column vc_column_container vc_col-sm-6\"><div class=\"vc_column-inner\"><div class=\"wpb_wrapper\">\n\t<div class=\"wpb_text_column wpb_content_element\">\n\t\t<div class=\"wpb_wrapper\">\n\t\t\t<blockquote>\n<h4>For individual concerns in the area of house maintenance, rosfm offers differentiated and customized solutions. This gives you the freedom to choose and decide for yourself which services you would like to have included in the package. Our many years of experience in the areas of solution-oriented services set us apart. We look forward to supporting your interesting concerns with our professional commitment.<\/h4>\n<\/blockquote>\n\n\t\t<\/div> \n\t<\/div> <\/div><\/div><\/div><\/div><\/div><div class=\"separator  transparent\" style=\"margin-top:20pxpx\"><\/div>\n<\/div><\/div><div  class=\"vc_tta-panel\" id=\"1613491150182-f27bd05c-4f32\" data-vc-content=\".vc_tta-panel-body\"><div class=\"vc_tta-panel-body\">\n\t\t\t<span class=\"vc_tta-panel-title\">\n\t\t\t\t<a  data-vc-container=\".vc_tta-container\" data-vc-accordion=\"\" data-vc-target=\"#1613491150182-f27bd05c-4f32\"><\/a>\n\t\t\t<\/span>\n\t\t<div class=\"vc_text_separator wpb_content_element full  left\"><div class=\"separator_wrapper\" style=\"margin-bottom:15px\"><div class=\"separator_content box\" style=\"color:#1e73be;border-style: solid\"><span>technology<\/span><\/div><div class=\"mkd_line_after\"  style=\"border-style:solid;\"><\/div><\/div><\/div>\n<div      class=\"vc_row wpb_row section vc_inner\" style=' text-align:left;'><div class=\"full_section_inner clearfix\"><div class=\"wpb_column vc_column_container vc_col-sm-6\"><div class=\"vc_column-inner\"><div class=\"wpb_wrapper\">\n\t<div class=\"wpb_single_image wpb_content_element vc_align_left\">\n\t\t<div class=\"wpb_wrapper\">\n\t\t\t\n\t\t\t<a href=\"https:\/\/rosfm.ch\/technik\/\" target=\"_self\"><div class=\"vc_single_image-wrapper vc_box_rounded  vc_box_border_grey\"><img loading=\"lazy\" decoding=\"async\" width=\"1020\" height=\"642\" src=\"https:\/\/rosfm.ch\/wp-content\/uploads\/2021\/03\/technik_service.png\" class=\"vc_single_image-img attachment-large\" alt=\"\" title=\"technology_service\" srcset=\"https:\/\/rosfm.ch\/wp-content\/uploads\/2021\/03\/technik_service.png 1020w, https:\/\/rosfm.ch\/wp-content\/uploads\/2021\/03\/technik_service-300x189.png 300w, https:\/\/rosfm.ch\/wp-content\/uploads\/2021\/03\/technik_service-768x483.png 768w, https:\/\/rosfm.ch\/wp-content\/uploads\/2021\/03\/technik_service-16x10.png 16w, https:\/\/rosfm.ch\/wp-content\/uploads\/2021\/03\/technik_service-700x441.png 700w, https:\/\/rosfm.ch\/wp-content\/uploads\/2021\/03\/technik_service-600x378.png 600w\" sizes=\"auto, (max-width: 1020px) 100vw, 1020px\" \/><\/div><\/a>\n\t\t<\/div>\n\t<\/div>\n<\/div><\/div><\/div><div class=\"wpb_column vc_column_container vc_col-sm-6\"><div class=\"vc_column-inner\"><div class=\"wpb_wrapper\">\n\t<div class=\"wpb_text_column wpb_content_element\">\n\t\t<div class=\"wpb_wrapper\">\n\t\t\t<blockquote>\n<h4>We are surrounded by technical and mechanical systems in the real estate, these are important components and ensure safety, well-being and support for users in their daily needs. Why is maintenance so important?<\/h4>\n<\/blockquote>\n\n\t\t<\/div> \n\t<\/div> <\/div><\/div><\/div><\/div><\/div><\/div><\/div><\/div><\/div><\/div><\/div><\/div><\/div><\/div><\/div><\/div><\/div>\n<\/div>","protected":false},"excerpt":{"rendered":"Facility Services What makes the company so unique? rosfm sets new standards in facility management and services. The need for facility management and...","protected":false},"author":1,"featured_media":0,"parent":0,"menu_order":0,"comment_status":"open","ping_status":"open","template":"full_width.php","meta":{"footnotes":""},"class_list":["post-5","page","type-page","status-publish","hentry"],"yoast_head":"<!-- This site is optimized with the Yoast SEO plugin v27.3 - https:\/\/yoast.com\/product\/yoast-seo-wordpress\/ -->\n<title>Facility Management &amp; Services - rosfm<\/title>\n<meta name=\"description\" content=\"rosfm bietet ein umfassendes Angebot in den Facility Services wie Hauswartung, Reinigung und Technik an. Sie k\u00f6nnen \u00fcber das Buchungssystem Ihre Bed\u00fcrfnisse ausw\u00e4hlen und bei uns einreichen, probieren Sie es aus.\" \/>\n<meta name=\"robots\" content=\"index, follow, max-snippet:-1, max-image-preview:large, max-video-preview:-1\" \/>\n<link rel=\"canonical\" href=\"https:\/\/rosfm.ch\/en\/\" \/>\n<meta property=\"og:locale\" content=\"en_US\" \/>\n<meta property=\"og:type\" content=\"article\" \/>\n<meta property=\"og:title\" content=\"Facility Management &amp; Services - rosfm\" \/>\n<meta property=\"og:description\" content=\"rosfm bietet ein umfassendes Angebot in den Facility Services wie Hauswartung, Reinigung und Technik an. Sie k\u00f6nnen \u00fcber das Buchungssystem Ihre Bed\u00fcrfnisse ausw\u00e4hlen und bei uns einreichen, probieren Sie es aus.\" \/>\n<meta property=\"og:url\" content=\"https:\/\/rosfm.ch\/en\/\" \/>\n<meta property=\"og:site_name\" content=\"rosfm\" \/>\n<meta property=\"article:modified_time\" content=\"2022-09-25T09:56:20+00:00\" \/>\n<meta property=\"og:image\" content=\"https:\/\/rosfm.ch\/wp-content\/uploads\/2021\/03\/Frontpage_Summery-1-scaled.jpg\" \/>\n<meta name=\"twitter:card\" content=\"summary_large_image\" \/>\n<meta name=\"twitter:label1\" content=\"Est. reading time\" \/>\n\t<meta name=\"twitter:data1\" content=\"2 minutes\" \/>\n<script type=\"application\/ld+json\" class=\"yoast-schema-graph\">{\"@context\":\"https:\\\/\\\/schema.org\",\"@graph\":[{\"@type\":\"WebPage\",\"@id\":\"https:\\\/\\\/rosfm.ch\\\/\",\"url\":\"https:\\\/\\\/rosfm.ch\\\/\",\"name\":\"Facility Management &amp; Services - rosfm\",\"isPartOf\":{\"@id\":\"https:\\\/\\\/rosfm.ch\\\/de_ch\\\/#website\"},\"primaryImageOfPage\":{\"@id\":\"https:\\\/\\\/rosfm.ch\\\/#primaryimage\"},\"image\":{\"@id\":\"https:\\\/\\\/rosfm.ch\\\/#primaryimage\"},\"thumbnailUrl\":\"https:\\\/\\\/rosfm.ch\\\/wp-content\\\/uploads\\\/2021\\\/03\\\/Frontpage_Summery-1-scaled.jpg\",\"datePublished\":\"2015-03-25T13:39:11+00:00\",\"dateModified\":\"2022-09-25T09:56:20+00:00\",\"description\":\"rosfm bietet ein umfassendes Angebot in den Facility Services wie Hauswartung, Reinigung und Technik an. Sie k\u00f6nnen \u00fcber das Buchungssystem Ihre Bed\u00fcrfnisse ausw\u00e4hlen und bei uns einreichen, probieren Sie es aus.\",\"breadcrumb\":{\"@id\":\"https:\\\/\\\/rosfm.ch\\\/#breadcrumb\"},\"inLanguage\":\"en-US\",\"potentialAction\":[{\"@type\":\"ReadAction\",\"target\":[\"https:\\\/\\\/rosfm.ch\\\/\"]}]},{\"@type\":\"ImageObject\",\"inLanguage\":\"en-US\",\"@id\":\"https:\\\/\\\/rosfm.ch\\\/#primaryimage\",\"url\":\"https:\\\/\\\/rosfm.ch\\\/wp-content\\\/uploads\\\/2021\\\/03\\\/Frontpage_Summery-1-scaled.jpg\",\"contentUrl\":\"https:\\\/\\\/rosfm.ch\\\/wp-content\\\/uploads\\\/2021\\\/03\\\/Frontpage_Summery-1-scaled.jpg\"},{\"@type\":\"BreadcrumbList\",\"@id\":\"https:\\\/\\\/rosfm.ch\\\/#breadcrumb\",\"itemListElement\":[{\"@type\":\"ListItem\",\"position\":1,\"name\":\"Home\",\"item\":\"https:\\\/\\\/rosfm.ch\\\/\"},{\"@type\":\"ListItem\",\"position\":2,\"name\":\"Home\"}]},{\"@type\":\"WebSite\",\"@id\":\"https:\\\/\\\/rosfm.ch\\\/de_ch\\\/#website\",\"url\":\"https:\\\/\\\/rosfm.ch\\\/de_ch\\\/\",\"name\":\"rosfm\",\"description\":\"Facility Management &amp; Services\",\"potentialAction\":[{\"@type\":\"SearchAction\",\"target\":{\"@type\":\"EntryPoint\",\"urlTemplate\":\"https:\\\/\\\/rosfm.ch\\\/de_ch\\\/?s={search_term_string}\"},\"query-input\":{\"@type\":\"PropertyValueSpecification\",\"valueRequired\":true,\"valueName\":\"search_term_string\"}}],\"inLanguage\":\"en-US\"}]}<\/script>\n<!-- \/ Yoast SEO plugin. -->","yoast_head_json":{"title":"Facility Management &amp; Services - rosfm","description":"rosfm offers a comprehensive range of facility services such as house maintenance, cleaning and technology. You can select your needs through the booking system and submit to us, try it.","robots":{"index":"index","follow":"follow","max-snippet":"max-snippet:-1","max-image-preview":"max-image-preview:large","max-video-preview":"max-video-preview:-1"},"canonical":"https:\/\/rosfm.ch\/en\/","og_locale":"en_US","og_type":"article","og_title":"Facility Management &amp; Services - rosfm","og_description":"rosfm bietet ein umfassendes Angebot in den Facility Services wie Hauswartung, Reinigung und Technik an. Sie k\u00f6nnen \u00fcber das Buchungssystem Ihre Bed\u00fcrfnisse ausw\u00e4hlen und bei uns einreichen, probieren Sie es aus.","og_url":"https:\/\/rosfm.ch\/en\/","og_site_name":"rosfm","article_modified_time":"2022-09-25T09:56:20+00:00","og_image":[{"url":"https:\/\/rosfm.ch\/wp-content\/uploads\/2021\/03\/Frontpage_Summery-1-scaled.jpg","type":"","width":"","height":""}],"twitter_card":"summary_large_image","twitter_misc":{"Est. reading time":"2 minutes"},"schema":{"@context":"https:\/\/schema.org","@graph":[{"@type":"WebPage","@id":"https:\/\/rosfm.ch\/","url":"https:\/\/rosfm.ch\/","name":"Facility Management &amp; Services - rosfm","isPartOf":{"@id":"https:\/\/rosfm.ch\/de_ch\/#website"},"primaryImageOfPage":{"@id":"https:\/\/rosfm.ch\/#primaryimage"},"image":{"@id":"https:\/\/rosfm.ch\/#primaryimage"},"thumbnailUrl":"https:\/\/rosfm.ch\/wp-content\/uploads\/2021\/03\/Frontpage_Summery-1-scaled.jpg","datePublished":"2015-03-25T13:39:11+00:00","dateModified":"2022-09-25T09:56:20+00:00","description":"rosfm offers a comprehensive range of facility services such as house maintenance, cleaning and technology. You can select your needs through the booking system and submit to us, try it.","breadcrumb":{"@id":"https:\/\/rosfm.ch\/#breadcrumb"},"inLanguage":"en-US","potentialAction":[{"@type":"ReadAction","target":["https:\/\/rosfm.ch\/"]}]},{"@type":"ImageObject","inLanguage":"en-US","@id":"https:\/\/rosfm.ch\/#primaryimage","url":"https:\/\/rosfm.ch\/wp-content\/uploads\/2021\/03\/Frontpage_Summery-1-scaled.jpg","contentUrl":"https:\/\/rosfm.ch\/wp-content\/uploads\/2021\/03\/Frontpage_Summery-1-scaled.jpg"},{"@type":"BreadcrumbList","@id":"https:\/\/rosfm.ch\/#breadcrumb","itemListElement":[{"@type":"ListItem","position":1,"name":"Home","item":"https:\/\/rosfm.ch\/"},{"@type":"ListItem","position":2,"name":"Home"}]},{"@type":"WebSite","@id":"https:\/\/rosfm.ch\/de_ch\/#website","url":"https:\/\/rosfm.ch\/de_ch\/","name":"rosfm","description":"Facility Management &amp; Services","potentialAction":[{"@type":"SearchAction","target":{"@type":"EntryPoint","urlTemplate":"https:\/\/rosfm.ch\/de_ch\/?s={search_term_string}"},"query-input":{"@type":"PropertyValueSpecification","valueRequired":true,"valueName":"search_term_string"}}],"inLanguage":"en-US"}]}},"_links":{"self":[{"href":"https:\/\/rosfm.ch\/en\/wp-json\/wp\/v2\/pages\/5","targetHints":{"allow":["GET"]}}],"collection":[{"href":"https:\/\/rosfm.ch\/en\/wp-json\/wp\/v2\/pages"}],"about":[{"href":"https:\/\/rosfm.ch\/en\/wp-json\/wp\/v2\/types\/page"}],"author":[{"embeddable":true,"href":"https:\/\/rosfm.ch\/en\/wp-json\/wp\/v2\/users\/1"}],"replies":[{"embeddable":true,"href":"https:\/\/rosfm.ch\/en\/wp-json\/wp\/v2\/comments?post=5"}],"version-history":[{"count":228,"href":"https:\/\/rosfm.ch\/en\/wp-json\/wp\/v2\/pages\/5\/revisions"}],"predecessor-version":[{"id":7185,"href":"https:\/\/rosfm.ch\/en\/wp-json\/wp\/v2\/pages\/5\/revisions\/7185"}],"wp:attachment":[{"href":"https:\/\/rosfm.ch\/en\/wp-json\/wp\/v2\/media?parent=5"}],"curies":[{"name":"wp","href":"https:\/\/api.w.org\/{rel}","templated":true}]}}