{"id":17,"date":"2015-03-25T13:46:19","date_gmt":"2015-03-25T13:46:19","guid":{"rendered":"http:\/\/demo.mikado-themes.com\/onyx10\/?page_id=17"},"modified":"2025-07-08T11:51:50","modified_gmt":"2025-07-08T11:51:50","slug":"kontakt","status":"publish","type":"page","link":"https:\/\/rosfm.ch\/en\/kontakt\/","title":{"rendered":"Contact"},"content":{"rendered":"<div class=\"wpb-content-wrapper\"><div      class=\"vc_row wpb_row section  grid_section\" style=' padding-top:50px; padding-bottom:0px; text-align:left;'><div class=\"section_inner clearfix\"><div class='section_inner_margin clearfix'><div class=\"wpb_column vc_column_container vc_col-sm-12\"><div class=\"vc_column-inner\"><div class=\"wpb_wrapper\">\n\t<div class=\"wpb_text_column wpb_content_element\">\n\t\t<div class=\"wpb_wrapper\">\n\t\t\t<h4>You can use our registration form to declare your personal concerns, we will be happy to contact you.<\/h4>\n\n\t\t<\/div> \n\t<\/div> <div class=\"separator  small left\" style=\"margin-top:10px;margin-bottom:31px\"><\/div>\n<\/div><\/div><\/div><\/div><\/div><\/div><div      class=\"vc_row wpb_row section  grid_section\" style=' padding-top:0px; padding-bottom:24px; text-align:left;'><div class=\"section_inner clearfix\"><div class='section_inner_margin clearfix'><div class=\"wpb_column vc_column_container vc_col-sm-8\"><div class=\"vc_column-inner\"><div class=\"wpb_wrapper\"><div class=\"separator  transparent\" style=\"margin-top:30px;margin-bottom:0px\"><\/div>\n\n<div class=\"wpcf7 no-js\" id=\"wpcf7-f6-o1\" lang=\"en-US\" dir=\"ltr\" data-wpcf7-id=\"6\">\n<div class=\"screen-reader-response\"><p role=\"status\" aria-live=\"polite\" aria-atomic=\"true\"><\/p> <ul><\/ul><\/div>\n<form action=\"\/en\/wp-json\/wp\/v2\/pages\/17#wpcf7-f6-o1\" method=\"post\" class=\"wpcf7-form init cf7_custom_style_2\" aria-label=\"Contact form\" enctype=\"multipart\/form-data\" novalidate=\"novalidate\" data-status=\"init\" data-trp-original-action=\"\/en\/wp-json\/wp\/v2\/pages\/17#wpcf7-f6-o1\">\n<fieldset class=\"hidden-fields-container\"><input type=\"hidden\" name=\"_wpcf7\" value=\"6\" \/><input type=\"hidden\" name=\"_wpcf7_version\" value=\"6.1.5\" \/><input type=\"hidden\" name=\"_wpcf7_locale\" value=\"en_US\" \/><input type=\"hidden\" name=\"_wpcf7_unit_tag\" value=\"wpcf7-f6-o1\" \/><input type=\"hidden\" name=\"_wpcf7_container_post\" value=\"0\" \/><input type=\"hidden\" name=\"_wpcf7_posted_data_hash\" value=\"\" \/>\n<\/fieldset>\n<p><label> Name first Name<br \/>\n<span class=\"wpcf7-form-control-wrap\" data-name=\"your-name\"><input size=\"40\" maxlength=\"400\" class=\"wpcf7-form-control wpcf7-text wpcf7-validates-as-required\" aria-required=\"true\" aria-invalid=\"false\" value=\"\" type=\"text\" name=\"your-name\" \/><\/span> <\/label>\n<\/p>\n<p><label> E-mail<br \/>\n<span class=\"wpcf7-form-control-wrap\" data-name=\"your-email\"><input size=\"40\" maxlength=\"400\" class=\"wpcf7-form-control wpcf7-email wpcf7-validates-as-required wpcf7-text wpcf7-validates-as-email\" aria-required=\"true\" aria-invalid=\"false\" value=\"\" type=\"email\" name=\"your-email\" \/><\/span> <\/label>\n<\/p>\n<p><label> Subject<br \/>\n<span class=\"wpcf7-form-control-wrap\" data-name=\"your-subject\"><input size=\"40\" maxlength=\"400\" class=\"wpcf7-form-control wpcf7-text wpcf7-validates-as-required\" aria-required=\"true\" aria-invalid=\"false\" value=\"\" type=\"text\" name=\"your-subject\" \/><\/span> <\/label>\n<\/p>\n<p><label> Your message<br \/>\n<span class=\"wpcf7-form-control-wrap\" data-name=\"your-message\"><textarea cols=\"40\" rows=\"10\" maxlength=\"2000\" class=\"wpcf7-form-control wpcf7-textarea\" aria-invalid=\"false\" name=\"your-message\"><\/textarea><\/span> <\/label>\n<\/p>\n<p><label>Your attachment<br \/>\n<span class=\"wpcf7-form-control-wrap\" data-name=\"file-456\"><input size=\"40\" class=\"wpcf7-form-control wpcf7-file\" accept=\".doc,.jpg,.jpeg,.png,.pdf,.word\" aria-invalid=\"false\" type=\"file\" name=\"file-456\" \/><\/span> <\/label>\n<\/p>\n<p><input class=\"wpcf7-form-control wpcf7-submit has-spinner\" id=\"bu\" type=\"submit\" value=\"Send\" \/>\n<\/p><p style=\"display: none !important;\" class=\"akismet-fields-container\" data-prefix=\"_wpcf7_ak_\"><label>\u0394<textarea name=\"_wpcf7_ak_hp_textarea\" cols=\"45\" rows=\"8\" maxlength=\"100\"><\/textarea><\/label><input type=\"hidden\" id=\"ak_js_1\" name=\"_wpcf7_ak_js\" value=\"43\"\/><script>document.getElementById( \"ak_js_1\" ).setAttribute( \"value\", ( new Date() ).getTime() );<\/script><\/p><div class=\"wpcf7-response-output\" aria-hidden=\"true\"><\/div>\n<input type=\"hidden\" name=\"trp-form-language\" value=\"en\"\/><\/form>\n<\/div>\n<\/div><\/div><\/div><div class=\"wpb_column vc_column_container vc_col-sm-4\"><div class=\"vc_column-inner vc_custom_1613522082775\"><div class=\"wpb_wrapper\">    <div class=\"vc_empty_space\"  style=\"height: 15px\" ><span class=\"vc_empty_space_inner\"><div class=\"empty_space_image\"\n                 ><\/div>\n<\/span><\/div>\n\n    <div class=\"vc_empty_space\"  style=\"height: 15px\" ><span class=\"vc_empty_space_inner\"><div class=\"empty_space_image\"\n                 ><\/div>\n<\/span><\/div>\n\n<div class=\"custom_font_holder\" style=\"font-family: Montserrat; font-size: 24px; line-height: 28px; font-style: normal; font-weight: 400; color: #252525; text-decoration: none; letter-spacing: 0px;; text-transform: capitalize; text-align: left\" data-font-size=\"24\" data-line-height=\"28\" ><div  >administration<\/div><\/div><div class=\"custom_font_holder\" style=\"font-family: Open Sans; font-size: 16px; line-height: 30px; font-style: normal; color: #7d7d7d; text-decoration: none; letter-spacing: 0px;; text-transform: none; text-align: left\" data-font-size=\"16\" data-line-height=\"30\" ><div  >Monday - Friday<br \/>\n8:00 a.m. - 12:00 p.m. \/<br \/>\n1:00 p.m. - 5:00 p.m.<\/div><\/div>    <div class=\"vc_empty_space\"  style=\"height: 32px\" ><span class=\"vc_empty_space_inner\"><div class=\"empty_space_image\"\n                 ><\/div>\n<\/span><\/div>\n\n<div class=\"custom_font_holder\" style=\"font-family: Open Sans; font-size: 16px; line-height: 30px; font-style: normal; color: #7d7d7d; text-decoration: none; letter-spacing: 0px;; text-transform: none; text-align: left\" data-font-size=\"16\" data-line-height=\"30\" ><div  ><span style=\"vertical-align: inherit;\"><span style=\"vertical-align: inherit;\">rosfm GmbH<\/span><\/span><\/p>\n<p><b style=\"font-weight: bold;\"><span style=\"vertical-align: inherit;\"><span style=\"vertical-align: inherit;\">Headquarters<\/span><\/span><\/b><br \/>\n<span style=\"vertical-align: inherit;\"><span style=\"vertical-align: inherit;\"> Brunnenwiesliweg 9<\/span><\/span><br \/>\n<span style=\"vertical-align: inherit;\"><span style=\"vertical-align: inherit;\">8810 Horgen<\/span><\/span><\/p>\n<p>&nbsp;<\/p>\n<p><b style=\"font-weight: bold;\"><a href=\"mailto:info@rosfm.ch\"><span style=\"vertical-align: inherit;\"><span style=\"vertical-align: inherit;\">info@rosfm.ch <\/span><\/span><\/a><\/b><br \/>\n<b style=\"font-weight: bold;\"><a href=\"tel:0447251408\"><span style=\"vertical-align: inherit;\"><span style=\"vertical-align: inherit;\">044 725 14 08<\/span><\/span><\/a><\/b><\/p>\n<div id=\"gtx-trans\" style=\"position: absolute; left: -2px; top: 78px;\">\n<div class=\"gtx-trans-icon\"><\/div>\n<\/div>\n<p><\/div><\/div><\/div><\/div><\/div><\/div><\/div><\/div><div      class=\"vc_row wpb_row section\" style=' text-align:left;'><div class=\"full_section_inner clearfix\"><div class=\"wpb_column vc_column_container vc_col-sm-12\"><div class=\"vc_column-inner\"><div class=\"wpb_wrapper\">    <div class=\"vc_empty_space\"  style=\"height: 32px\" ><span class=\"vc_empty_space_inner\"><div class=\"empty_space_image\"\n                 ><\/div>\n<\/span><\/div>\n\n    <div class=\"vc_empty_space\"  style=\"height: 32px\" ><span class=\"vc_empty_space_inner\"><div class=\"empty_space_image\"\n                 ><\/div>\n<\/span><\/div>\n\n<\/div><\/div><\/div><\/div><\/div><div      class=\"vc_row wpb_row section\" style=' text-align:left;'><div class=\"full_section_inner clearfix\"><div class=\"wpb_column vc_column_container vc_col-sm-12\"><div class=\"vc_column-inner\"><div class=\"wpb_wrapper\"><\/div><\/div><\/div><\/div><\/div>\n<\/div>","protected":false},"excerpt":{"rendered":"You can use our registration form to declare your personal concerns, we will be happy to contact you. Name, first name Email Subject Your message Your ...","protected":false},"author":1,"featured_media":0,"parent":0,"menu_order":0,"comment_status":"open","ping_status":"closed","template":"full_width.php","meta":{"footnotes":""},"class_list":["post-17","page","type-page","status-publish","hentry"],"yoast_head":"<!-- This site is optimized with the Yoast SEO plugin v27.3 - https:\/\/yoast.com\/product\/yoast-seo-wordpress\/ -->\n<title>Kontakt - rosfm<\/title>\n<meta name=\"description\" content=\"\u00dcber unser Anmeldeformular k\u00f6nnen Sie Ihr pers\u00f6nliches Anliegen deklarieren, gerne nehmen wir mit ihnen Kontakt auf.\" \/>\n<meta name=\"robots\" content=\"index, follow, max-snippet:-1, max-image-preview:large, max-video-preview:-1\" \/>\n<link rel=\"canonical\" href=\"https:\/\/rosfm.ch\/en\/kontakt\/\" \/>\n<meta property=\"og:locale\" content=\"en_US\" \/>\n<meta property=\"og:type\" content=\"article\" \/>\n<meta property=\"og:title\" content=\"Kontakt - rosfm\" \/>\n<meta property=\"og:description\" content=\"\u00dcber unser Anmeldeformular k\u00f6nnen Sie Ihr pers\u00f6nliches Anliegen deklarieren, gerne nehmen wir mit ihnen Kontakt auf.\" \/>\n<meta property=\"og:url\" content=\"https:\/\/rosfm.ch\/en\/kontakt\/\" \/>\n<meta property=\"og:site_name\" content=\"rosfm\" \/>\n<meta property=\"article:modified_time\" content=\"2025-07-08T11:51:50+00:00\" \/>\n<meta name=\"twitter:card\" content=\"summary_large_image\" \/>\n<meta name=\"twitter:label1\" content=\"Est. reading time\" \/>\n\t<meta name=\"twitter:data1\" content=\"1 minute\" \/>\n<script type=\"application\/ld+json\" class=\"yoast-schema-graph\">{\"@context\":\"https:\\\/\\\/schema.org\",\"@graph\":[{\"@type\":\"WebPage\",\"@id\":\"https:\\\/\\\/rosfm.ch\\\/kontakt\\\/\",\"url\":\"https:\\\/\\\/rosfm.ch\\\/kontakt\\\/\",\"name\":\"Kontakt - rosfm\",\"isPartOf\":{\"@id\":\"https:\\\/\\\/rosfm.ch\\\/de_ch\\\/#website\"},\"datePublished\":\"2015-03-25T13:46:19+00:00\",\"dateModified\":\"2025-07-08T11:51:50+00:00\",\"description\":\"\u00dcber unser Anmeldeformular k\u00f6nnen Sie Ihr pers\u00f6nliches Anliegen deklarieren, gerne nehmen wir mit ihnen Kontakt auf.\",\"breadcrumb\":{\"@id\":\"https:\\\/\\\/rosfm.ch\\\/kontakt\\\/#breadcrumb\"},\"inLanguage\":\"en-US\",\"potentialAction\":[{\"@type\":\"ReadAction\",\"target\":[\"https:\\\/\\\/rosfm.ch\\\/kontakt\\\/\"]}]},{\"@type\":\"BreadcrumbList\",\"@id\":\"https:\\\/\\\/rosfm.ch\\\/kontakt\\\/#breadcrumb\",\"itemListElement\":[{\"@type\":\"ListItem\",\"position\":1,\"name\":\"Home\",\"item\":\"https:\\\/\\\/rosfm.ch\\\/\"},{\"@type\":\"ListItem\",\"position\":2,\"name\":\"Kontakt\"}]},{\"@type\":\"WebSite\",\"@id\":\"https:\\\/\\\/rosfm.ch\\\/de_ch\\\/#website\",\"url\":\"https:\\\/\\\/rosfm.ch\\\/de_ch\\\/\",\"name\":\"rosfm\",\"description\":\"Facility Management &amp; Services\",\"potentialAction\":[{\"@type\":\"SearchAction\",\"target\":{\"@type\":\"EntryPoint\",\"urlTemplate\":\"https:\\\/\\\/rosfm.ch\\\/de_ch\\\/?s={search_term_string}\"},\"query-input\":{\"@type\":\"PropertyValueSpecification\",\"valueRequired\":true,\"valueName\":\"search_term_string\"}}],\"inLanguage\":\"en-US\"}]}<\/script>\n<!-- \/ Yoast SEO plugin. -->","yoast_head_json":{"title":"Contact - rosfm","description":"You can use our registration form to declare your personal concerns, we will be happy to contact you.","robots":{"index":"index","follow":"follow","max-snippet":"max-snippet:-1","max-image-preview":"max-image-preview:large","max-video-preview":"max-video-preview:-1"},"canonical":"https:\/\/rosfm.ch\/en\/kontakt\/","og_locale":"en_US","og_type":"article","og_title":"Kontakt - rosfm","og_description":"\u00dcber unser Anmeldeformular k\u00f6nnen Sie Ihr pers\u00f6nliches Anliegen deklarieren, gerne nehmen wir mit ihnen Kontakt auf.","og_url":"https:\/\/rosfm.ch\/en\/kontakt\/","og_site_name":"rosfm","article_modified_time":"2025-07-08T11:51:50+00:00","twitter_card":"summary_large_image","twitter_misc":{"Est. reading time":"1 minute"},"schema":{"@context":"https:\/\/schema.org","@graph":[{"@type":"WebPage","@id":"https:\/\/rosfm.ch\/kontakt\/","url":"https:\/\/rosfm.ch\/kontakt\/","name":"Contact - rosfm","isPartOf":{"@id":"https:\/\/rosfm.ch\/de_ch\/#website"},"datePublished":"2015-03-25T13:46:19+00:00","dateModified":"2025-07-08T11:51:50+00:00","description":"You can use our registration form to declare your personal concerns, we will be happy to contact you.","breadcrumb":{"@id":"https:\/\/rosfm.ch\/kontakt\/#breadcrumb"},"inLanguage":"en-US","potentialAction":[{"@type":"ReadAction","target":["https:\/\/rosfm.ch\/kontakt\/"]}]},{"@type":"BreadcrumbList","@id":"https:\/\/rosfm.ch\/kontakt\/#breadcrumb","itemListElement":[{"@type":"ListItem","position":1,"name":"Home","item":"https:\/\/rosfm.ch\/"},{"@type":"ListItem","position":2,"name":"Kontakt"}]},{"@type":"WebSite","@id":"https:\/\/rosfm.ch\/de_ch\/#website","url":"https:\/\/rosfm.ch\/de_ch\/","name":"rosfm","description":"Facility Management &amp; Services","potentialAction":[{"@type":"SearchAction","target":{"@type":"EntryPoint","urlTemplate":"https:\/\/rosfm.ch\/de_ch\/?s={search_term_string}"},"query-input":{"@type":"PropertyValueSpecification","valueRequired":true,"valueName":"search_term_string"}}],"inLanguage":"en-US"}]}},"_links":{"self":[{"href":"https:\/\/rosfm.ch\/en\/wp-json\/wp\/v2\/pages\/17","targetHints":{"allow":["GET"]}}],"collection":[{"href":"https:\/\/rosfm.ch\/en\/wp-json\/wp\/v2\/pages"}],"about":[{"href":"https:\/\/rosfm.ch\/en\/wp-json\/wp\/v2\/types\/page"}],"author":[{"embeddable":true,"href":"https:\/\/rosfm.ch\/en\/wp-json\/wp\/v2\/users\/1"}],"replies":[{"embeddable":true,"href":"https:\/\/rosfm.ch\/en\/wp-json\/wp\/v2\/comments?post=17"}],"version-history":[{"count":60,"href":"https:\/\/rosfm.ch\/en\/wp-json\/wp\/v2\/pages\/17\/revisions"}],"predecessor-version":[{"id":7232,"href":"https:\/\/rosfm.ch\/en\/wp-json\/wp\/v2\/pages\/17\/revisions\/7232"}],"wp:attachment":[{"href":"https:\/\/rosfm.ch\/en\/wp-json\/wp\/v2\/media?parent=17"}],"curies":[{"name":"wp","href":"https:\/\/api.w.org\/{rel}","templated":true}]}}