{"id":6037,"date":"2015-03-25T13:42:44","date_gmt":"2015-03-25T13:42:44","guid":{"rendered":"http:\/\/demo.mikado-themes.com\/onyx10\/?page_id=8"},"modified":"2025-07-08T11:55:54","modified_gmt":"2025-07-08T11:55:54","slug":"ueber-uns","status":"publish","type":"page","link":"https:\/\/rosfm.ch\/de\/ueber-uns\/","title":{"rendered":"\u00dcber uns"},"content":{"rendered":"<div class=\"wpb-content-wrapper\"><div      class=\"vc_row wpb_row section  grid_section\" style=' text-align:left;'><div class=\" section_inner clearfix\"><div class='section_inner_margin clearfix'><div class=\"wpb_column vc_column_container vc_col-sm-12\"><div class=\"vc_column-inner\"><div class=\"wpb_wrapper\">    <div class=\"vc_empty_space\"  style=\"height: 32px\" ><span class=\"vc_empty_space_inner\"><div class=\"empty_space_image\"\n                 ><\/div>\n<\/span><\/div>\n\n<div class=\"separator  small left  \" style=\"border-color: #1e73be;margin-top:10px;margin-bottom:31px\"><\/div>\n<div class=\"wpb_column vc_column_container vc_col-sm-6\"><div class=\"vc_column-inner\"><div class=\"wpb_wrapper\">\n\t<div class=\"wpb_text_column wpb_content_element \">\n\t\t<div class=\"wpb_wrapper\">\n\t\t\t<h3>WER WIR SIND<\/h3>\n\n\t\t<\/div> \n\t<\/div> \n\t<div class=\"wpb_text_column wpb_content_element  vc_custom_1616494471530\">\n\t\t<div class=\"wpb_wrapper\">\n\t\t\t<h4>rosfm. ist eine wachsende und dynamische Dienstleistungsorganisation. Mit der Gr\u00fcndung des Einzelunternehmens im Jahr 2019 hat das Familienunternehmen in der FM-Branche Fuss gefasst. Mit soliden Fachkenntnissen und hohen Qualit\u00e4tsanspr\u00fcchen konnte das noch junge Unternehmen \u00fcberzeugen und kontinuierlich Vertrauen beim Kunden festigen.<\/h4>\n<p>&nbsp;<\/p>\n<h4>Aufgrund grossem Auftragsvolumen kristallisierte sich der bevorstehende Schritt heraus, die rosfm. GmbH wurde gegr\u00fcndet. In dieser neuen Gesch\u00e4ftsform und mit weitreichenden strategischen Zielen verfolgt das Unternehmen die Vision, nachhaltig und \u00f6konomisch auf dem Markt zu agieren.<\/h4>\n\n\t\t<\/div> \n\t<\/div> <\/div><\/div><\/div><div class=\"wpb_column vc_column_container vc_col-sm-6\"><div class=\"vc_column-inner\"><div class=\"wpb_wrapper\">    <div class=\"vc_empty_space\"  style=\"height: 32px\" ><span class=\"vc_empty_space_inner\"><div class=\"empty_space_image\"\n                 ><\/div>\n<\/span><\/div>\n\n    <div class=\"vc_empty_space\"  style=\"height: 32px\" ><span class=\"vc_empty_space_inner\"><div class=\"empty_space_image\"\n                 ><\/div>\n<\/span><\/div>\n\n<div class='image_hover hovered' style='' data-transition-delay='2'><div class='images_holder'><img class='' src='https:\/\/rosfm.ch\/wp-content\/uploads\/2021\/02\/Uber-uns_Team_1-scaled.jpg' alt='' style=' -webkit-transition: opacity 1s ease-in-out; -ms-transition:  opacity 1s ease-in-out; -moz-transition:  opacity 1s ease-in-out; -o-transition:  opacity 1s ease-in-out; transition:  opacity 1s ease-in-out;' \/><img class='hover_image' src='' alt='' style=' -webkit-transition: opacity 1s ease-in-out; -ms-transition:  opacity 1s ease-in-out; -moz-transition:  opacity 1s ease-in-out; -o-transition:  opacity 1s ease-in-out; transition:  opacity 1s ease-in-out;' \/><\/div><\/div><\/div><\/div><\/div><\/div><\/div><\/div><\/div><\/div><\/div><div      class=\"vc_row wpb_row section \" style=' text-align:left;'><div class=\" full_section_inner clearfix\"><div class=\"wpb_column vc_column_container vc_col-sm-12\"><div class=\"vc_column-inner\"><div class=\"wpb_wrapper\"><div class=\"separator  transparent   \" style=\"margin-top:10px;margin-bottom:31px\"><\/div>\n<\/div><\/div><\/div><\/div><\/div><div      class=\"vc_row wpb_row section  grid_section\" style='background-color:#6d6d6d; padding-top:30px; text-align:left;'><div class=\" section_inner clearfix\"><div class='section_inner_margin clearfix'><div class=\"wpb_column vc_column_container vc_col-sm-12\"><div class=\"vc_column-inner\"><div class=\"wpb_wrapper\"><div class=\"wpb_column vc_column_container vc_col-sm-3\"><div class=\"vc_column-inner\"><div class=\"wpb_wrapper\"><div class=\"mkd_counter_holder  center boxed_counter\" style=\"border-color: #ffffff;padding-bottom: 30px;\"><span class=\"counter  zero\" style=\"color: #ffffff;font-weight: 700;\">2019<\/span><span class=\"separator medium\" style=\"border-bottom-width: 4px;border-bottom-style: solide\"><\/span><h2 class='counter_title' style='color:#ffffff;font-size:35pxpx;'>Gr\u00fcndungsjahr<\/h2><\/div><div class=\"separator  transparent   \" style=\"margin-top:30px;margin-bottom:0px\"><\/div>\n<\/div><\/div><\/div><div class=\"wpb_column vc_column_container vc_col-sm-3\"><div class=\"vc_column-inner\"><div class=\"wpb_wrapper\"><div class=\"mkd_counter_holder  center boxed_counter\" style=\"border-color: #ffffff;padding-bottom: 30px;\"><span class=\"counter  zero\" style=\"color: #ffffff;\">20<\/span><span class=\"separator medium\" style=\"border-bottom-width: 2px\"><\/span><h5 class='counter_title' style='color:#ffffff;'>Mitarbeiter<\/h5><\/div><div class=\"separator  transparent   \" style=\"margin-top:30px;margin-bottom:0px\"><\/div>\n<\/div><\/div><\/div><div class=\"wpb_column vc_column_container vc_col-sm-3\"><div class=\"vc_column-inner\"><div class=\"wpb_wrapper\"><div class=\"mkd_counter_holder  center boxed_counter\" style=\"border-color: #ffffff;padding-bottom: 30px;\"><span class=\"counter  zero\" style=\"color: #ffffff;\">1<\/span><span class=\"separator medium\" style=\"border-bottom-width: 2px\"><\/span><h5 class='counter_title' style='color:#ffffff;'>Standorte<\/h5><\/div><div class=\"separator  transparent   \" style=\"margin-top:30px;margin-bottom:0px\"><\/div>\n<\/div><\/div><\/div><div class=\"wpb_column vc_column_container vc_col-sm-3\"><div class=\"vc_column-inner\"><div class=\"wpb_wrapper\"><div class=\"separator  transparent   \" style=\"margin-top:30px;margin-bottom:0px\"><\/div>\n<\/div><\/div><\/div><div class=\"wpb_column vc_column_container vc_col-sm-12\"><div class=\"vc_column-inner\"><div class=\"wpb_wrapper\"><div class=\"mkd_circles_shortcode\"><ul class=\"mkd_circles_holder three_columns\" style=\"\" ><div class = \"circle_line_holder\"><\/div>\n\t<div class=\"wpb_text_column wpb_content_element \">\n\t\t<div class=\"wpb_wrapper\">\n\t\t\t\n\t\t<\/div> \n\t<\/div> <\/ul><\/div><\/div><\/div><\/div><\/div><\/div><\/div><\/div><\/div><\/div><div      class=\"vc_row wpb_row section \" style=' text-align:left;'><div class=\" full_section_inner clearfix\"><div class=\"wpb_column vc_column_container vc_col-sm-12\"><div class=\"vc_column-inner\"><div class=\"wpb_wrapper\"><div class=\"separator  transparent   \" style=\"margin-top:10px;margin-bottom:31px\"><\/div>\n<\/div><\/div><\/div><\/div><\/div><div      class=\"vc_row wpb_row section  grid_section\" style=' text-align:left;'><div class=\" section_inner clearfix\"><div class='section_inner_margin clearfix'><div class=\"wpb_column vc_column_container vc_col-sm-6\"><div class=\"vc_column-inner\"><div class=\"wpb_wrapper\">    <div class=\"vc_empty_space\"  style=\"height: 32px\" ><span class=\"vc_empty_space_inner\"><div class=\"empty_space_image\"\n                 ><\/div>\n<\/span><\/div>\n\n\n\t<div class=\"wpb_single_image wpb_content_element vc_align_left\">\n\t\t<div class=\"wpb_wrapper\">\n\t\t\t\n\t\t\t<div class=\"vc_single_image-wrapper   vc_box_border_grey\"><img loading=\"lazy\" decoding=\"async\" width=\"2560\" height=\"1706\" src=\"https:\/\/rosfm.ch\/wp-content\/uploads\/2021\/03\/Service_Beratung_Gebaudemanagement-scaled.jpg\" class=\"vc_single_image-img attachment-full\" alt=\"\" title=\"Service_Beratung_Geb\u00e4udemanagement\" srcset=\"https:\/\/rosfm.ch\/wp-content\/uploads\/2021\/03\/Service_Beratung_Gebaudemanagement-scaled.jpg 2560w, https:\/\/rosfm.ch\/wp-content\/uploads\/2021\/03\/Service_Beratung_Gebaudemanagement-300x200.jpg 300w, https:\/\/rosfm.ch\/wp-content\/uploads\/2021\/03\/Service_Beratung_Gebaudemanagement-1024x683.jpg 1024w, https:\/\/rosfm.ch\/wp-content\/uploads\/2021\/03\/Service_Beratung_Gebaudemanagement-768x512.jpg 768w, https:\/\/rosfm.ch\/wp-content\/uploads\/2021\/03\/Service_Beratung_Gebaudemanagement-1536x1024.jpg 1536w, https:\/\/rosfm.ch\/wp-content\/uploads\/2021\/03\/Service_Beratung_Gebaudemanagement-2048x1365.jpg 2048w, https:\/\/rosfm.ch\/wp-content\/uploads\/2021\/03\/Service_Beratung_Gebaudemanagement-16x12.jpg 16w, https:\/\/rosfm.ch\/wp-content\/uploads\/2021\/03\/Service_Beratung_Gebaudemanagement-700x467.jpg 700w, https:\/\/rosfm.ch\/wp-content\/uploads\/2021\/03\/Service_Beratung_Gebaudemanagement-600x400.jpg 600w\" sizes=\"auto, (max-width: 2560px) 100vw, 2560px\" \/><\/div>\n\t\t<\/div>\n\t<\/div>\n<\/div><\/div><\/div><div class=\"wpb_column vc_column_container vc_col-sm-6\"><div class=\"vc_column-inner\"><div class=\"wpb_wrapper\"><div class=\"separator  small left  \" style=\"border-color: #1e73be;margin-top:15px;margin-bottom:15px\"><\/div>\n\n\t<div class=\"wpb_text_column wpb_content_element \">\n\t\t<div class=\"wpb_wrapper\">\n\t\t\t<h3>VISION<\/h3>\n\n\t\t<\/div> \n\t<\/div> \n\t<div class=\"wpb_text_column wpb_content_element  vc_custom_1614606926683\">\n\t\t<div class=\"wpb_wrapper\">\n\t\t\t<h4>Durch Diversit\u00e4t und Nachhaltigkeit \u00fcbernehmen wir Verantwortung f\u00fcr die Umwelt und die Mitmenschen.<br \/>\nAls Arbeitgeber generieren wir attraktive Bedingungen, welche f\u00fcr die Leistungstr\u00e4ger ein gesundes und ergonomisches Arbeitsumfeld bilden.<br \/>\nEine stetig kundenorientierte und innovative Weiterentwicklung des Dienstleistungsangebots setzen wir voraus und nutzen die digitale Entwicklung als Benefit.<\/h4>\n\n\t\t<\/div> \n\t<\/div> <\/div><\/div><\/div><\/div><\/div><\/div><div      class=\"vc_row wpb_row section \" style=' text-align:left;'><div class=\" full_section_inner clearfix\"><div class=\"wpb_column vc_column_container vc_col-sm-12\"><div class=\"vc_column-inner\"><div class=\"wpb_wrapper\"><div class=\"separator  transparent   \" style=\"margin-top:10px;margin-bottom:31px\"><\/div>\n<\/div><\/div><\/div><\/div><\/div><div      class=\"vc_row wpb_row section  grid_section\" style=' padding-bottom:43px; text-align:left;'><div class=\" section_inner clearfix\"><div class='section_inner_margin clearfix'><div class=\"wpb_column vc_column_container vc_col-sm-6\"><div class=\"vc_column-inner\"><div class=\"wpb_wrapper\"><div class=\"separator  small left  \" style=\"border-color: #1e73be;margin-top:15px;margin-bottom:15px\"><\/div>\n\n\t<div class=\"wpb_text_column wpb_content_element \">\n\t\t<div class=\"wpb_wrapper\">\n\t\t\t<h2>MISSION<\/h2>\n\n\t\t<\/div> \n\t<\/div> \n\t<div class=\"wpb_text_column wpb_content_element \">\n\t\t<div class=\"wpb_wrapper\">\n\t\t\t<ul>\n<li style=\"margin: 10px 0;\">\n<h4>Wir sind vertrauensw\u00fcrdig<\/h4>\n<\/li>\n<li style=\"margin: 10px 0;\">\n<h4>Wir sind transparent<\/h4>\n<\/li>\n<li style=\"margin: 10px 0;\">\n<h4>Wir reagieren fair und neutral<\/h4>\n<\/li>\n<li style=\"margin: 10px 0;\">\n<h4>Wir agieren nachhaltig<\/h4>\n<\/li>\n<li style=\"margin: 10px 0;\">\n<h4>Wir handeln \u00fcberzeugend<\/h4>\n<\/li>\n<li style=\"margin: 10px 0;\">\n<h4>Wir bleiben dynamisch<\/h4>\n<\/li>\n<li style=\"margin: 10px 0;\">\n<h4>Wir denken weitsichtig<\/h4>\n<\/li>\n<\/ul>\n<div id=\"gtx-trans\" style=\"position: absolute; left: 40px; top: 85.7969px;\">\n<div class=\"gtx-trans-icon\"><\/div>\n<\/div>\n\n\t\t<\/div> \n\t<\/div> <\/div><\/div><\/div><div class=\"wpb_column vc_column_container vc_col-sm-6\"><div class=\"vc_column-inner\"><div class=\"wpb_wrapper\">    <div class=\"vc_empty_space\"  style=\"height: 32px\" ><span class=\"vc_empty_space_inner\"><div class=\"empty_space_image\"\n                 ><\/div>\n<\/span><\/div>\n\n\n\t<div class=\"wpb_single_image wpb_content_element vc_align_left\">\n\t\t<div class=\"wpb_wrapper\">\n\t\t\t\n\t\t\t<div class=\"vc_single_image-wrapper   vc_box_border_grey\"><img loading=\"lazy\" decoding=\"async\" width=\"2560\" height=\"1747\" src=\"https:\/\/rosfm.ch\/wp-content\/uploads\/2021\/02\/Uber-uns_Mission-scaled-e1615978630812.jpg\" class=\"vc_single_image-img attachment-full\" alt=\"\" title=\"\u00dcber uns_Mission\" srcset=\"https:\/\/rosfm.ch\/wp-content\/uploads\/2021\/02\/Uber-uns_Mission-scaled-e1615978630812.jpg 2560w, https:\/\/rosfm.ch\/wp-content\/uploads\/2021\/02\/Uber-uns_Mission-scaled-e1615978630812-300x205.jpg 300w, https:\/\/rosfm.ch\/wp-content\/uploads\/2021\/02\/Uber-uns_Mission-scaled-e1615978630812-1024x699.jpg 1024w, https:\/\/rosfm.ch\/wp-content\/uploads\/2021\/02\/Uber-uns_Mission-scaled-e1615978630812-768x524.jpg 768w, https:\/\/rosfm.ch\/wp-content\/uploads\/2021\/02\/Uber-uns_Mission-scaled-e1615978630812-1536x1048.jpg 1536w, https:\/\/rosfm.ch\/wp-content\/uploads\/2021\/02\/Uber-uns_Mission-scaled-e1615978630812-2048x1398.jpg 2048w, https:\/\/rosfm.ch\/wp-content\/uploads\/2021\/02\/Uber-uns_Mission-scaled-e1615978630812-700x478.jpg 700w, https:\/\/rosfm.ch\/wp-content\/uploads\/2021\/02\/Uber-uns_Mission-scaled-e1615978630812-600x409.jpg 600w, https:\/\/rosfm.ch\/wp-content\/uploads\/2021\/02\/Uber-uns_Mission-scaled-e1615978630812-16x12.jpg 16w\" sizes=\"auto, (max-width: 2560px) 100vw, 2560px\" \/><\/div>\n\t\t<\/div>\n\t<\/div>\n<\/div><\/div><\/div><\/div><\/div><\/div><div      class=\"vc_row wpb_row section \" style=' text-align:left;'><div class=\" full_section_inner clearfix\"><div class=\"wpb_column vc_column_container vc_col-sm-12\"><div class=\"vc_column-inner\"><div class=\"wpb_wrapper\"><div class=\"separator  transparent   \" style=\"margin-top:10px;margin-bottom:31px\"><\/div>\n<\/div><\/div><\/div><\/div><\/div><section      data-speed=\"1\" class=\"parallax_section_holder preload_background   parallax_grid_section  \" style = \" min-height:px; height: auto;  background-image:url('');\"><div class=\"parallax_content left  parallax_section_inner\" ><div class='parallax_section_inner_margin clearfix'><div class=\"wpb_column vc_column_container vc_col-sm-4\"><div class=\"vc_column-inner\"><div class=\"wpb_wrapper\">\n\t<div class=\"wpb_text_column wpb_content_element \">\n\t\t<div class=\"wpb_wrapper\">\n\t\t\t<h3 style=\"text-align: center; color: white; margin-top: 15px;\"><strong>LEISTUNG<\/strong><\/h3>\n\n\t\t<\/div> \n\t<\/div> <div class=\"custom_font_holder\" style=\"font-family: Montserrat; font-size: 15pxpx; font-style: normal; font-weight: 500; color: #ffffff; text-decoration: none; padding: 5px 5px 5px 5pxpx; margin: 0px 3px 0px 3pxpx; text-transform: uppercase; text-align: center\" data-font-size=15px ><div  ><\/p>\n<h2 style=\"text-align: center;\">Wir f\u00f6rdern und fordern das Team fachlich und pers\u00f6nlich.<\/h2>\n<p><\/div><\/div><\/div><\/div><\/div><div class=\"wpb_column vc_column_container vc_col-sm-4\"><div class=\"vc_column-inner\"><div class=\"wpb_wrapper\">\n\t<div class=\"wpb_text_column wpb_content_element \">\n\t\t<div class=\"wpb_wrapper\">\n\t\t\t<h3 style=\"text-align: center; margin-top: 15px; color: white;\">TRANSPARENZ<\/h3>\n\n\t\t<\/div> \n\t<\/div> <div class=\"custom_font_holder\" style=\"font-family: Montserrat; font-size: 15pxpx; font-style: normal; font-weight: 500; color: #ffffff; text-decoration: none; padding: 15px 15px 15px 15pxpx; margin: 0px 3px 0px 3pxpx; text-transform: uppercase; text-align: center\" data-font-size=15px ><div  ><\/p>\n<h2 style=\"text-align: center;\">Wir sind in unseren Handlung transparent. Wir vermitteln Inhalte \u00fcberzeugend und angemessen.<\/h2>\n<p><\/div><\/div><\/div><\/div><\/div><div class=\"wpb_column vc_column_container vc_col-sm-4\"><div class=\"vc_column-inner\"><div class=\"wpb_wrapper\">\n\t<div class=\"wpb_text_column wpb_content_element \">\n\t\t<div class=\"wpb_wrapper\">\n\t\t\t<h3 style=\"text-align: center; margin-top: 15px; color: white;\">Vertrauen<\/h3>\n\n\t\t<\/div> \n\t<\/div> <div class=\"custom_font_holder\" style=\"font-family: Montserrat; font-size: 15pxpx; font-style: normal; font-weight: 500; color: #ffffff; text-decoration: none; padding: 5px 5px 5px 5pxpx; margin: 0px 3px 0px 3pxpx; text-transform: uppercase; text-align: center\" data-font-size=15px ><div  ><\/p>\n<h2 style=\"text-align: center;\">Wir pflegen eine vertrauensbildenden und respektvolle Zusammenarbeit.<\/h2>\n<p><\/div><\/div><\/div><\/div><\/div><\/div><\/div><\/section><section      data-speed=\"1\" class=\"parallax_section_holder preload_background   parallax_grid_section  \" style = \" min-height:px; height: auto;  background-image:url('');\"><div class=\"parallax_content left  parallax_section_inner\" ><div class='parallax_section_inner_margin clearfix'><div class=\"wpb_column vc_column_container vc_col-sm-4\"><div class=\"vc_column-inner\"><div class=\"wpb_wrapper\">\n\t<div class=\"wpb_text_column wpb_content_element \">\n\t\t<div class=\"wpb_wrapper\">\n\t\t\t<h3 style=\"text-align: center; margin-top: 15px; color: white;\">VERANTWORTUNG<\/h3>\n\n\t\t<\/div> \n\t<\/div> <div class=\"custom_font_holder\" style=\"font-family: Montserrat; font-size: 15pxpx; font-style: normal; font-weight: 500; color: #ffffff; text-decoration: none; padding: 5px 5px 5px 5pxpx; margin: 0px 3px 0px 3pxpx; text-transform: uppercase; text-align: center\" data-font-size=15px ><div  ><\/p>\n<h2 style=\"text-align: center;\">Wir als Unternehmen verstehen uns als Team und stellen den gemeinsamen Erfolg in den Mittelpunkt.<\/h2>\n<p><\/div><\/div><\/div><\/div><\/div><div class=\"wpb_column vc_column_container vc_col-sm-4\"><div class=\"vc_column-inner\"><div class=\"wpb_wrapper\">\n\t<div class=\"wpb_text_column wpb_content_element \">\n\t\t<div class=\"wpb_wrapper\">\n\t\t\t<h3 style=\"text-align: center; margin-top: 15px; color: white;\">DYNAMIK<\/h3>\n\n\t\t<\/div> \n\t<\/div> <div class=\"custom_font_holder\" style=\"font-family: Montserrat; font-size: 15pxpx; font-style: normal; font-weight: 500; color: #ffffff; text-decoration: none; padding: 5px 5px 5px 5pxpx; margin: 0px 3px 0px 3pxpx; text-transform: uppercase; text-align: center\" data-font-size=15px ><div  ><\/p>\n<h2 style=\"text-align: center;\">Wir bauen auf bew\u00e4hrtem auf und handeln weitsichtig.<\/h2>\n<p><\/div><\/div><\/div><\/div><\/div><div class=\"wpb_column vc_column_container vc_col-sm-4\"><div class=\"vc_column-inner\"><div class=\"wpb_wrapper\">\n\t<div class=\"wpb_text_column wpb_content_element \">\n\t\t<div class=\"wpb_wrapper\">\n\t\t\t<h3 style=\"text-align: center; margin-top: 15px; color: white;\">BLICK F\u00dcRS GANZE<\/h3>\n\n\t\t<\/div> \n\t<\/div> <div class=\"custom_font_holder\" style=\"font-family: Montserrat; font-size: 15pxpx; font-style: normal; font-weight: 500; color: #ffffff; text-decoration: none; padding: 5px 5px 5px 5pxpx; margin: 0px 3px 0px 3pxpx; text-transform: uppercase; text-align: center\" data-font-size=15px ><div  ><\/p>\n<h2 style=\"text-align: center;\">\u200bWir handeln im Interesse der Kunden.<\/h2>\n<p><\/div><\/div><\/div><\/div><\/div><\/div><\/div><\/section>\n<\/div>","protected":false},"excerpt":{"rendered":"WER WIR SIND rosfm. ist eine wachsende und dynamische Dienstleistungsorganisation. Mit der Gr\u00fcndung des Einzelunternehmens im Jahr 2019 hat das Familienunternehmen in der...","protected":false},"author":1,"featured_media":0,"parent":0,"menu_order":0,"comment_status":"open","ping_status":"closed","template":"full_width.php","meta":{"footnotes":""},"class_list":["post-6037","page","type-page","status-publish","hentry"],"yoast_head":"<!-- This site is optimized with the Yoast SEO plugin v27.3 - https:\/\/yoast.com\/product\/yoast-seo-wordpress\/ -->\n<title>\u00dcber uns - rosfm<\/title>\n<meta name=\"description\" content=\"rosfm. ist eine wachsende und dynamische Dienstleistungsorganisation. Mit der Gr\u00fcndung des Einzelunternehmens im Jahr 2019 hat das Familienunternehmen in der FM-Branche Fuss gefasst.\" \/>\n<meta name=\"robots\" content=\"index, follow, max-snippet:-1, max-image-preview:large, max-video-preview:-1\" \/>\n<link rel=\"canonical\" href=\"https:\/\/rosfm.ch\/de\/ueber-uns\/\" \/>\n<meta property=\"og:locale\" content=\"de_DE\" \/>\n<meta property=\"og:type\" content=\"article\" \/>\n<meta property=\"og:title\" content=\"\u00dcber uns - rosfm\" \/>\n<meta property=\"og:description\" content=\"rosfm. ist eine wachsende und dynamische Dienstleistungsorganisation. Mit der Gr\u00fcndung des Einzelunternehmens im Jahr 2019 hat das Familienunternehmen in der FM-Branche Fuss gefasst.\" \/>\n<meta property=\"og:url\" content=\"https:\/\/rosfm.ch\/de\/ueber-uns\/\" \/>\n<meta property=\"og:site_name\" content=\"rosfm\" \/>\n<meta property=\"article:modified_time\" content=\"2025-07-08T11:55:54+00:00\" \/>\n<meta name=\"twitter:card\" content=\"summary_large_image\" \/>\n<meta name=\"twitter:label1\" content=\"Gesch\u00e4tzte Lesezeit\" \/>\n\t<meta name=\"twitter:data1\" content=\"4\u00a0Minuten\" \/>\n<script type=\"application\/ld+json\" class=\"yoast-schema-graph\">{\"@context\":\"https:\\\/\\\/schema.org\",\"@graph\":[{\"@type\":\"WebPage\",\"@id\":\"https:\\\/\\\/rosfm.ch\\\/ueber-uns\\\/\",\"url\":\"https:\\\/\\\/rosfm.ch\\\/ueber-uns\\\/\",\"name\":\"\u00dcber uns - rosfm\",\"isPartOf\":{\"@id\":\"https:\\\/\\\/rosfm.ch\\\/de_ch\\\/#website\"},\"datePublished\":\"2015-03-25T13:42:44+00:00\",\"dateModified\":\"2025-07-08T11:55:54+00:00\",\"description\":\"rosfm. ist eine wachsende und dynamische Dienstleistungsorganisation. Mit der Gr\u00fcndung des Einzelunternehmens im Jahr 2019 hat das Familienunternehmen in der FM-Branche Fuss gefasst.\",\"breadcrumb\":{\"@id\":\"https:\\\/\\\/rosfm.ch\\\/ueber-uns\\\/#breadcrumb\"},\"inLanguage\":\"de-CH\",\"potentialAction\":[{\"@type\":\"ReadAction\",\"target\":[\"https:\\\/\\\/rosfm.ch\\\/ueber-uns\\\/\"]}]},{\"@type\":\"BreadcrumbList\",\"@id\":\"https:\\\/\\\/rosfm.ch\\\/ueber-uns\\\/#breadcrumb\",\"itemListElement\":[{\"@type\":\"ListItem\",\"position\":1,\"name\":\"Home\",\"item\":\"https:\\\/\\\/rosfm.ch\\\/\"},{\"@type\":\"ListItem\",\"position\":2,\"name\":\"\u00dcber uns\"}]},{\"@type\":\"WebSite\",\"@id\":\"https:\\\/\\\/rosfm.ch\\\/de_ch\\\/#website\",\"url\":\"https:\\\/\\\/rosfm.ch\\\/de_ch\\\/\",\"name\":\"rosfm\",\"description\":\"Facility Management &amp; Services\",\"potentialAction\":[{\"@type\":\"SearchAction\",\"target\":{\"@type\":\"EntryPoint\",\"urlTemplate\":\"https:\\\/\\\/rosfm.ch\\\/de_ch\\\/?s={search_term_string}\"},\"query-input\":{\"@type\":\"PropertyValueSpecification\",\"valueRequired\":true,\"valueName\":\"search_term_string\"}}],\"inLanguage\":\"de-CH\"}]}<\/script>\n<!-- \/ Yoast SEO plugin. -->","yoast_head_json":{"title":"\u00dcber uns - rosfm","description":"rosfm. ist eine wachsende und dynamische Dienstleistungsorganisation. Mit der Gr\u00fcndung des Einzelunternehmens im Jahr 2019 hat das Familienunternehmen in der FM-Branche Fuss gefasst.","robots":{"index":"index","follow":"follow","max-snippet":"max-snippet:-1","max-image-preview":"max-image-preview:large","max-video-preview":"max-video-preview:-1"},"canonical":"https:\/\/rosfm.ch\/de\/ueber-uns\/","og_locale":"de_DE","og_type":"article","og_title":"\u00dcber uns - rosfm","og_description":"rosfm. ist eine wachsende und dynamische Dienstleistungsorganisation. Mit der Gr\u00fcndung des Einzelunternehmens im Jahr 2019 hat das Familienunternehmen in der FM-Branche Fuss gefasst.","og_url":"https:\/\/rosfm.ch\/de\/ueber-uns\/","og_site_name":"rosfm","article_modified_time":"2025-07-08T11:55:54+00:00","twitter_card":"summary_large_image","twitter_misc":{"Gesch\u00e4tzte Lesezeit":"4\u00a0Minuten"},"schema":{"@context":"https:\/\/schema.org","@graph":[{"@type":"WebPage","@id":"https:\/\/rosfm.ch\/ueber-uns\/","url":"https:\/\/rosfm.ch\/ueber-uns\/","name":"\u00dcber uns - rosfm","isPartOf":{"@id":"https:\/\/rosfm.ch\/de_ch\/#website"},"datePublished":"2015-03-25T13:42:44+00:00","dateModified":"2025-07-08T11:55:54+00:00","description":"rosfm. ist eine wachsende und dynamische Dienstleistungsorganisation. Mit der Gr\u00fcndung des Einzelunternehmens im Jahr 2019 hat das Familienunternehmen in der FM-Branche Fuss gefasst.","breadcrumb":{"@id":"https:\/\/rosfm.ch\/ueber-uns\/#breadcrumb"},"inLanguage":"de-CH","potentialAction":[{"@type":"ReadAction","target":["https:\/\/rosfm.ch\/ueber-uns\/"]}]},{"@type":"BreadcrumbList","@id":"https:\/\/rosfm.ch\/ueber-uns\/#breadcrumb","itemListElement":[{"@type":"ListItem","position":1,"name":"Home","item":"https:\/\/rosfm.ch\/"},{"@type":"ListItem","position":2,"name":"\u00dcber uns"}]},{"@type":"WebSite","@id":"https:\/\/rosfm.ch\/de_ch\/#website","url":"https:\/\/rosfm.ch\/de_ch\/","name":"rosfm","description":"Facility Management &amp; Services","potentialAction":[{"@type":"SearchAction","target":{"@type":"EntryPoint","urlTemplate":"https:\/\/rosfm.ch\/de_ch\/?s={search_term_string}"},"query-input":{"@type":"PropertyValueSpecification","valueRequired":true,"valueName":"search_term_string"}}],"inLanguage":"de-CH"}]}},"_links":{"self":[{"href":"https:\/\/rosfm.ch\/de\/wp-json\/wp\/v2\/pages\/6037","targetHints":{"allow":["GET"]}}],"collection":[{"href":"https:\/\/rosfm.ch\/de\/wp-json\/wp\/v2\/pages"}],"about":[{"href":"https:\/\/rosfm.ch\/de\/wp-json\/wp\/v2\/types\/page"}],"author":[{"embeddable":true,"href":"https:\/\/rosfm.ch\/de\/wp-json\/wp\/v2\/users\/1"}],"replies":[{"embeddable":true,"href":"https:\/\/rosfm.ch\/de\/wp-json\/wp\/v2\/comments?post=6037"}],"version-history":[{"count":128,"href":"https:\/\/rosfm.ch\/de\/wp-json\/wp\/v2\/pages\/6037\/revisions"}],"predecessor-version":[{"id":7233,"href":"https:\/\/rosfm.ch\/de\/wp-json\/wp\/v2\/pages\/6037\/revisions\/7233"}],"wp:attachment":[{"href":"https:\/\/rosfm.ch\/de\/wp-json\/wp\/v2\/media?parent=6037"}],"curies":[{"name":"wp","href":"https:\/\/api.w.org\/{rel}","templated":true}]}}